{"id":2441,"date":"2021-12-07T17:10:59","date_gmt":"2021-12-07T16:10:59","guid":{"rendered":"https:\/\/www.urai.it\/qualita-e-certificazioni\/"},"modified":"2025-08-27T11:39:57","modified_gmt":"2025-08-27T09:39:57","slug":"quality-and-certification","status":"publish","type":"page","link":"https:\/\/www.urai.it\/en\/quality-and-certification\/","title":{"rendered":"Quality and Certification"},"content":{"rendered":"","protected":false},"excerpt":{"rendered":"","protected":false},"author":5,"featured_media":1437,"parent":0,"menu_order":47,"comment_status":"closed","ping_status":"closed","template":"page-qualita-e-certificazioni.php","meta":{"_acf_changed":false,"inline_featured_image":false,"footnotes":""},"class_list":["post-2441","page","type-page","status-publish","has-post-thumbnail","hentry"],"acf":[],"yoast_head":"<!-- This site is optimized with the Yoast SEO plugin v27.5 - https:\/\/yoast.com\/product\/yoast-seo-wordpress\/ -->\n<title>Quality and Certification - Urai<\/title>\n<meta name=\"description\" content=\"Dal 1948 la qualit\u00e0 e la sostenibilit\u00e0 sono principi fondamentali dell\u2019azienda e oggi pi\u00f9 che mai restano i maggiori valori in cui crediamo.\" \/>\n<meta name=\"robots\" content=\"index, follow, max-snippet:-1, max-image-preview:large, max-video-preview:-1\" \/>\n<link rel=\"canonical\" href=\"https:\/\/www.urai.it\/en\/quality-and-certification\/\" \/>\n<meta property=\"og:locale\" content=\"en_US\" \/>\n<meta property=\"og:type\" content=\"article\" \/>\n<meta property=\"og:title\" content=\"Qualit\u00e0 e certificazioni - Urai\" \/>\n<meta property=\"og:description\" content=\"Dal 1948 la qualit\u00e0 e la sostenibilit\u00e0 sono principi fondamentali dell\u2019azienda e oggi pi\u00f9 che mai restano i maggiori valori in cui crediamo.\" \/>\n<meta property=\"og:url\" content=\"https:\/\/www.urai.it\/en\/quality-and-certification\/\" \/>\n<meta property=\"og:site_name\" content=\"Urai\" \/>\n<meta property=\"article:modified_time\" content=\"2025-08-27T09:39:57+00:00\" \/>\n<meta property=\"og:image\" content=\"https:\/\/www.urai.it\/wp-content\/uploads\/2022\/04\/logo200px.jpeg\" \/>\n\t<meta property=\"og:image:width\" content=\"200\" \/>\n\t<meta property=\"og:image:height\" content=\"65\" \/>\n\t<meta property=\"og:image:type\" content=\"image\/jpeg\" \/>\n<meta name=\"twitter:card\" content=\"summary_large_image\" \/>\n<meta name=\"twitter:title\" content=\"Qualit\u00e0 e certificazioni - Urai\" \/>\n<meta name=\"twitter:description\" content=\"Dal 1948 la qualit\u00e0 e la sostenibilit\u00e0 sono principi fondamentali dell\u2019azienda e oggi pi\u00f9 che mai restano i maggiori valori in cui crediamo.\" \/>\n<meta name=\"twitter:image\" content=\"https:\/\/www.urai.it\/wp-content\/uploads\/2022\/04\/logo200px.jpeg\" \/>\n<meta name=\"twitter:label1\" content=\"Est. reading time\" \/>\n\t<meta name=\"twitter:data1\" content=\"1 minute\" \/>\n<script type=\"application\/ld+json\" class=\"yoast-schema-graph\">{\"@context\":\"https:\\\/\\\/schema.org\",\"@graph\":[{\"@type\":\"WebPage\",\"@id\":\"https:\\\/\\\/www.urai.it\\\/en\\\/quality-and-certification\\\/\",\"url\":\"https:\\\/\\\/www.urai.it\\\/en\\\/quality-and-certification\\\/\",\"name\":\"Quality and Certification - Urai\",\"isPartOf\":{\"@id\":\"https:\\\/\\\/www.urai.it\\\/en\\\/#website\"},\"primaryImageOfPage\":{\"@id\":\"https:\\\/\\\/www.urai.it\\\/en\\\/quality-and-certification\\\/#primaryimage\"},\"image\":{\"@id\":\"https:\\\/\\\/www.urai.it\\\/en\\\/quality-and-certification\\\/#primaryimage\"},\"thumbnailUrl\":\"https:\\\/\\\/www.urai.it\\\/wp-content\\\/uploads\\\/2022\\\/05\\\/qualita_sostenibilita.jpg\",\"datePublished\":\"2021-12-07T16:10:59+00:00\",\"dateModified\":\"2025-08-27T09:39:57+00:00\",\"description\":\"Dal 1948 la qualit\u00e0 e la sostenibilit\u00e0 sono principi fondamentali dell\u2019azienda e oggi pi\u00f9 che mai restano i maggiori valori in cui crediamo.\",\"breadcrumb\":{\"@id\":\"https:\\\/\\\/www.urai.it\\\/en\\\/quality-and-certification\\\/#breadcrumb\"},\"inLanguage\":\"en-US\",\"potentialAction\":[{\"@type\":\"ReadAction\",\"target\":[\"https:\\\/\\\/www.urai.it\\\/en\\\/quality-and-certification\\\/\"]}]},{\"@type\":\"ImageObject\",\"inLanguage\":\"en-US\",\"@id\":\"https:\\\/\\\/www.urai.it\\\/en\\\/quality-and-certification\\\/#primaryimage\",\"url\":\"https:\\\/\\\/www.urai.it\\\/wp-content\\\/uploads\\\/2022\\\/05\\\/qualita_sostenibilita.jpg\",\"contentUrl\":\"https:\\\/\\\/www.urai.it\\\/wp-content\\\/uploads\\\/2022\\\/05\\\/qualita_sostenibilita.jpg\",\"width\":2160,\"height\":699,\"caption\":\"qualita sostenibilita\"},{\"@type\":\"BreadcrumbList\",\"@id\":\"https:\\\/\\\/www.urai.it\\\/en\\\/quality-and-certification\\\/#breadcrumb\",\"itemListElement\":[{\"@type\":\"ListItem\",\"position\":1,\"name\":\"Homepage\",\"item\":\"https:\\\/\\\/www.urai.it\\\/en\\\/\"},{\"@type\":\"ListItem\",\"position\":2,\"name\":\"Quality and Certification\"}]},{\"@type\":\"WebSite\",\"@id\":\"https:\\\/\\\/www.urai.it\\\/en\\\/#website\",\"url\":\"https:\\\/\\\/www.urai.it\\\/en\\\/\",\"name\":\"Urai\",\"description\":\"Products and equipment for the chemical industry\",\"potentialAction\":[{\"@type\":\"SearchAction\",\"target\":{\"@type\":\"EntryPoint\",\"urlTemplate\":\"https:\\\/\\\/www.urai.it\\\/en\\\/?s={search_term_string}\"},\"query-input\":{\"@type\":\"PropertyValueSpecification\",\"valueRequired\":true,\"valueName\":\"search_term_string\"}}],\"inLanguage\":\"en-US\"}]}<\/script>\n<!-- \/ Yoast SEO plugin. -->","yoast_head_json":{"title":"Quality and Certification - Urai","description":"Dal 1948 la qualit\u00e0 e la sostenibilit\u00e0 sono principi fondamentali dell\u2019azienda e oggi pi\u00f9 che mai restano i maggiori valori in cui crediamo.","robots":{"index":"index","follow":"follow","max-snippet":"max-snippet:-1","max-image-preview":"max-image-preview:large","max-video-preview":"max-video-preview:-1"},"canonical":"https:\/\/www.urai.it\/en\/quality-and-certification\/","og_locale":"en_US","og_type":"article","og_title":"Qualit\u00e0 e certificazioni - Urai","og_description":"Dal 1948 la qualit\u00e0 e la sostenibilit\u00e0 sono principi fondamentali dell\u2019azienda e oggi pi\u00f9 che mai restano i maggiori valori in cui crediamo.","og_url":"https:\/\/www.urai.it\/en\/quality-and-certification\/","og_site_name":"Urai","article_modified_time":"2025-08-27T09:39:57+00:00","og_image":[{"width":200,"height":65,"url":"https:\/\/www.urai.it\/wp-content\/uploads\/2022\/04\/logo200px.jpeg","type":"image\/jpeg"}],"twitter_card":"summary_large_image","twitter_title":"Qualit\u00e0 e certificazioni - Urai","twitter_description":"Dal 1948 la qualit\u00e0 e la sostenibilit\u00e0 sono principi fondamentali dell\u2019azienda e oggi pi\u00f9 che mai restano i maggiori valori in cui crediamo.","twitter_image":"https:\/\/www.urai.it\/wp-content\/uploads\/2022\/04\/logo200px.jpeg","twitter_misc":{"Est. reading time":"1 minute"},"schema":{"@context":"https:\/\/schema.org","@graph":[{"@type":"WebPage","@id":"https:\/\/www.urai.it\/en\/quality-and-certification\/","url":"https:\/\/www.urai.it\/en\/quality-and-certification\/","name":"Quality and Certification - Urai","isPartOf":{"@id":"https:\/\/www.urai.it\/en\/#website"},"primaryImageOfPage":{"@id":"https:\/\/www.urai.it\/en\/quality-and-certification\/#primaryimage"},"image":{"@id":"https:\/\/www.urai.it\/en\/quality-and-certification\/#primaryimage"},"thumbnailUrl":"https:\/\/www.urai.it\/wp-content\/uploads\/2022\/05\/qualita_sostenibilita.jpg","datePublished":"2021-12-07T16:10:59+00:00","dateModified":"2025-08-27T09:39:57+00:00","description":"Dal 1948 la qualit\u00e0 e la sostenibilit\u00e0 sono principi fondamentali dell\u2019azienda e oggi pi\u00f9 che mai restano i maggiori valori in cui crediamo.","breadcrumb":{"@id":"https:\/\/www.urai.it\/en\/quality-and-certification\/#breadcrumb"},"inLanguage":"en-US","potentialAction":[{"@type":"ReadAction","target":["https:\/\/www.urai.it\/en\/quality-and-certification\/"]}]},{"@type":"ImageObject","inLanguage":"en-US","@id":"https:\/\/www.urai.it\/en\/quality-and-certification\/#primaryimage","url":"https:\/\/www.urai.it\/wp-content\/uploads\/2022\/05\/qualita_sostenibilita.jpg","contentUrl":"https:\/\/www.urai.it\/wp-content\/uploads\/2022\/05\/qualita_sostenibilita.jpg","width":2160,"height":699,"caption":"qualita sostenibilita"},{"@type":"BreadcrumbList","@id":"https:\/\/www.urai.it\/en\/quality-and-certification\/#breadcrumb","itemListElement":[{"@type":"ListItem","position":1,"name":"Homepage","item":"https:\/\/www.urai.it\/en\/"},{"@type":"ListItem","position":2,"name":"Quality and Certification"}]},{"@type":"WebSite","@id":"https:\/\/www.urai.it\/en\/#website","url":"https:\/\/www.urai.it\/en\/","name":"Urai","description":"Products and equipment for the chemical industry","potentialAction":[{"@type":"SearchAction","target":{"@type":"EntryPoint","urlTemplate":"https:\/\/www.urai.it\/en\/?s={search_term_string}"},"query-input":{"@type":"PropertyValueSpecification","valueRequired":true,"valueName":"search_term_string"}}],"inLanguage":"en-US"}]}},"_links":{"self":[{"href":"https:\/\/www.urai.it\/en\/wp-json\/wp\/v2\/pages\/2441","targetHints":{"allow":["GET"]}}],"collection":[{"href":"https:\/\/www.urai.it\/en\/wp-json\/wp\/v2\/pages"}],"about":[{"href":"https:\/\/www.urai.it\/en\/wp-json\/wp\/v2\/types\/page"}],"author":[{"embeddable":true,"href":"https:\/\/www.urai.it\/en\/wp-json\/wp\/v2\/users\/5"}],"replies":[{"embeddable":true,"href":"https:\/\/www.urai.it\/en\/wp-json\/wp\/v2\/comments?post=2441"}],"version-history":[{"count":12,"href":"https:\/\/www.urai.it\/en\/wp-json\/wp\/v2\/pages\/2441\/revisions"}],"predecessor-version":[{"id":3785,"href":"https:\/\/www.urai.it\/en\/wp-json\/wp\/v2\/pages\/2441\/revisions\/3785"}],"wp:featuredmedia":[{"embeddable":true,"href":"https:\/\/www.urai.it\/en\/wp-json\/wp\/v2\/media\/1437"}],"wp:attachment":[{"href":"https:\/\/www.urai.it\/en\/wp-json\/wp\/v2\/media?parent=2441"}],"curies":[{"name":"wp","href":"https:\/\/api.w.org\/{rel}","templated":true}]}}